{"id":108,"date":"2026-01-07T08:19:11","date_gmt":"2026-01-07T08:19:11","guid":{"rendered":"https:\/\/ensemble-pour-thorigny.ovh\/?page_id=108"},"modified":"2026-02-05T08:01:30","modified_gmt":"2026-02-05T08:01:30","slug":"qui-sommes-nous","status":"publish","type":"page","link":"https:\/\/ensemble-pour-thorigny.ovh\/index.php\/qui-sommes-nous\/","title":{"rendered":"Qui sommes-nous ?"},"content":{"rendered":"\n<p data-wp-context---core-fit-text=\"core\/fit-text::{&quot;fontSize&quot;:&quot;&quot;}\" data-wp-init---core-fit-text=\"core\/fit-text::callbacks.init\" data-wp-interactive data-wp-style--font-size=\"core\/fit-text::context.fontSize\" class=\"has-text-align-center has-fit-text\">QUI SOMMES-NOUS ?<\/p>\n\n\n\n<p>Ensemble pour Thorigny est une association politique locale, ind\u00e9pendante de tout parti national, qui rassemble des femmes et des hommes de gauche, du centre et de la droite, ainsi que des personnes sans pr\u00e9f\u00e9rence partisane.<\/p>\n\n\n\n<p>Nous construisons en notre sein les consensus qui permettent de d\u00e9fendre les int\u00e9r\u00eats de notre commune en \u00e9tant repr\u00e9sentatifs de diff\u00e9rentes sensibilit\u00e9s et de tous les quartiers.<\/p>\n\n\n\n<p>Nous avons soutenu la majorit\u00e9 municipale sortante et assumons le bilan du mandat 2020-2026. Nous poursuivrons son action tout en la renouvelant et en innovant afin de r\u00e9pondre aux d\u00e9fis des prochaines ann\u00e9es.<\/p>\n","protected":false},"excerpt":{"rendered":"<p>QUI SOMMES-NOUS ? Ensemble pour Thorigny est une association politique locale, ind\u00e9pendante de tout parti national, qui rassemble des femmes et des hommes de gauche, du centre et de la droite, ainsi que des personnes sans pr\u00e9f\u00e9rence partisane. Nous construisons en notre sein les consensus qui permettent de d\u00e9fendre les int\u00e9r\u00eats de notre commune en [&hellip;]<\/p>\n","protected":false},"author":1,"featured_media":0,"parent":0,"menu_order":0,"comment_status":"closed","ping_status":"closed","template":"","meta":{"footnotes":""},"class_list":["post-108","page","type-page","status-publish","hentry"],"_links":{"self":[{"href":"https:\/\/ensemble-pour-thorigny.ovh\/index.php\/wp-json\/wp\/v2\/pages\/108","targetHints":{"allow":["GET"]}}],"collection":[{"href":"https:\/\/ensemble-pour-thorigny.ovh\/index.php\/wp-json\/wp\/v2\/pages"}],"about":[{"href":"https:\/\/ensemble-pour-thorigny.ovh\/index.php\/wp-json\/wp\/v2\/types\/page"}],"author":[{"embeddable":true,"href":"https:\/\/ensemble-pour-thorigny.ovh\/index.php\/wp-json\/wp\/v2\/users\/1"}],"replies":[{"embeddable":true,"href":"https:\/\/ensemble-pour-thorigny.ovh\/index.php\/wp-json\/wp\/v2\/comments?post=108"}],"version-history":[{"count":4,"href":"https:\/\/ensemble-pour-thorigny.ovh\/index.php\/wp-json\/wp\/v2\/pages\/108\/revisions"}],"predecessor-version":[{"id":336,"href":"https:\/\/ensemble-pour-thorigny.ovh\/index.php\/wp-json\/wp\/v2\/pages\/108\/revisions\/336"}],"wp:attachment":[{"href":"https:\/\/ensemble-pour-thorigny.ovh\/index.php\/wp-json\/wp\/v2\/media?parent=108"}],"curies":[{"name":"wp","href":"https:\/\/api.w.org\/{rel}","templated":true}]}}