{"id":127,"date":"2026-01-07T08:35:29","date_gmt":"2026-01-07T08:35:29","guid":{"rendered":"https:\/\/ensemble-pour-thorigny.ovh\/?page_id=127"},"modified":"2026-01-27T14:39:57","modified_gmt":"2026-01-27T14:39:57","slug":"soutenir-et-participer","status":"publish","type":"page","link":"https:\/\/ensemble-pour-thorigny.ovh\/index.php\/soutenir-et-participer\/","title":{"rendered":"Soutenir et Participer"},"content":{"rendered":"\n<p data-wp-context---core-fit-text=\"core\/fit-text::{&quot;fontSize&quot;:&quot;&quot;}\" data-wp-init---core-fit-text=\"core\/fit-text::callbacks.init\" data-wp-interactive data-wp-style--font-size=\"core\/fit-text::context.fontSize\" class=\"has-text-align-center has-fit-text\">SOUTENIR ET PARTICIPER<\/p>\n\n\n\n<p>Vous voulez \u00eatre inform\u00e9, soutenir, participer\u00a0?<\/p>\n\n\n<style id=\"wpforms-css-vars-203-block-84e437ee-60aa-48e6-8616-200cafd5f2e5\">\n\t\t\t\t#wpforms-203.wpforms-block-84e437ee-60aa-48e6-8616-200cafd5f2e5 {\n\t\t\t\t--wpforms-field-size-input-height: 43px;\n--wpforms-field-size-input-spacing: 15px;\n--wpforms-field-size-font-size: 16px;\n--wpforms-field-size-line-height: 19px;\n--wpforms-field-size-padding-h: 14px;\n--wpforms-field-size-checkbox-size: 16px;\n--wpforms-field-size-sublabel-spacing: 5px;\n--wpforms-field-size-icon-size: 1;\n--wpforms-label-size-font-size: 16px;\n--wpforms-label-size-line-height: 19px;\n--wpforms-label-size-sublabel-font-size: 14px;\n--wpforms-label-size-sublabel-line-height: 17px;\n--wpforms-button-size-font-size: 17px;\n--wpforms-button-size-height: 41px;\n--wpforms-button-size-padding-h: 15px;\n--wpforms-button-size-margin-top: 10px;\n\t\t\t}\n\t\t\t<\/style><div class=\"wpforms-container wpforms-container-full wpforms-block wpforms-block-84e437ee-60aa-48e6-8616-200cafd5f2e5 wpforms-render-modern\" id=\"wpforms-203\"><form id=\"wpforms-form-203\" class=\"wpforms-validate wpforms-form wpforms-ajax-form\" data-formid=\"203\" method=\"post\" enctype=\"multipart\/form-data\" action=\"\/index.php\/wp-json\/wp\/v2\/pages\/127\" data-token=\"c4ad238d3c49b5422600d7b8b358e7aa\" data-token-time=\"1777456888\"><noscript class=\"wpforms-error-noscript\">Veuillez activer JavaScript dans votre navigateur pour remplir ce formulaire.<\/noscript><div id=\"wpforms-error-noscript\" style=\"display: none;\">Veuillez activer JavaScript dans votre navigateur pour remplir ce formulaire.<\/div><div class=\"wpforms-field-container\"><div id=\"wpforms-203-field_1-container\" class=\"wpforms-field wpforms-field-name\" data-field-id=\"1\"><fieldset><legend class=\"wpforms-field-label\">Identit\u00e9 <span class=\"wpforms-required-label\" aria-hidden=\"true\">*<\/span><\/legend><div class=\"wpforms-field-row wpforms-field-medium\"><div class=\"wpforms-field-row-block wpforms-first wpforms-one-half\"><input type=\"text\" id=\"wpforms-203-field_1\" class=\"wpforms-field-name-first wpforms-field-required\" name=\"wpforms[fields][1][first]\" aria-errormessage=\"wpforms-203-field_1-error\" required><label for=\"wpforms-203-field_1\" class=\"wpforms-field-sublabel after\">Pr\u00e9nom<\/label><\/div><div class=\"wpforms-field-row-block wpforms-one-half\"><input type=\"text\" id=\"wpforms-203-field_1-last\" class=\"wpforms-field-name-last wpforms-field-required\" name=\"wpforms[fields][1][last]\" aria-errormessage=\"wpforms-203-field_1-last-error\" required><label for=\"wpforms-203-field_1-last\" class=\"wpforms-field-sublabel after\">Nom<\/label><\/div><\/div><\/fieldset><\/div>\t\t<div id=\"wpforms-203-field_2-container\"\n\t\t\tclass=\"wpforms-field wpforms-field-text\"\n\t\t\tdata-field-type=\"text\"\n\t\t\tdata-field-id=\"2\"\n\t\t\t>\n\t\t\t<label class=\"wpforms-field-label\" for=\"wpforms-203-field_2\" >soutenir, Identit\u00e9 participer\u00a0?<\/label>\n\t\t\t<input type=\"text\" id=\"wpforms-203-field_2\" class=\"wpforms-field-medium\" name=\"wpforms[fields][2]\" >\n\t\t<\/div>\n\t\t<div id=\"wpforms-203-field_11-container\" class=\"wpforms-field wpforms-field-text\" data-field-id=\"11\"><label class=\"wpforms-field-label\" for=\"wpforms-203-field_11\">Adresse<\/label><input type=\"text\" id=\"wpforms-203-field_11\" class=\"wpforms-field-medium\" name=\"wpforms[fields][11]\" aria-errormessage=\"wpforms-203-field_11-error\" ><\/div><div id=\"wpforms-203-field_9-container\" class=\"wpforms-field wpforms-field-email\" data-field-id=\"9\"><label class=\"wpforms-field-label\" for=\"wpforms-203-field_9\">E-mail <span class=\"wpforms-required-label\" aria-hidden=\"true\">*<\/span><\/label><input type=\"email\" id=\"wpforms-203-field_9\" class=\"wpforms-field-medium wpforms-field-required\" name=\"wpforms[fields][9]\" spellcheck=\"false\" aria-errormessage=\"wpforms-203-field_9-error\" required><\/div><div id=\"wpforms-203-field_12-container\" class=\"wpforms-field wpforms-field-text\" data-field-id=\"12\"><label class=\"wpforms-field-label\" for=\"wpforms-203-field_12\">Num\u00e9ro de t\u00e9l\u00e9phone<\/label><input type=\"text\" id=\"wpforms-203-field_12\" class=\"wpforms-field-medium\" name=\"wpforms[fields][12]\" aria-errormessage=\"wpforms-203-field_12-error\" ><\/div><div id=\"wpforms-203-field_4-container\" class=\"wpforms-field wpforms-field-radio\" data-field-id=\"4\"><fieldset><legend class=\"wpforms-field-label\">Vous voulez \u00eatre inform\u00e9, soutenir, participer\u00a0?<\/legend><ul id=\"wpforms-203-field_4\"><li class=\"choice-1 depth-1\"><input type=\"radio\" id=\"wpforms-203-field_4_1\" name=\"wpforms[fields][4]\" value=\"Je laisse mes coordonn\u00e9es, pour recevoir les invitations et informations en avant-premi\u00e8res\" aria-errormessage=\"wpforms-203-field_4_1-error\"  ><label class=\"wpforms-field-label-inline\" for=\"wpforms-203-field_4_1\">Je laisse mes coordonn\u00e9es, pour recevoir les invitations et informations en avant-premi\u00e8res<\/label><\/li><li class=\"choice-4 depth-1\"><input type=\"radio\" id=\"wpforms-203-field_4_4\" name=\"wpforms[fields][4]\" value=\"J\u2019ai envie d\u2019organiser une rencontre ap\u00e9ro chez moi avec 5-6 personnes\" aria-errormessage=\"wpforms-203-field_4_4-error\"  ><label class=\"wpforms-field-label-inline\" for=\"wpforms-203-field_4_4\">J\u2019ai envie d\u2019organiser une rencontre ap\u00e9ro chez moi avec 5-6 personnes<\/label><\/li><li class=\"choice-3 depth-1\"><input type=\"radio\" id=\"wpforms-203-field_4_3\" name=\"wpforms[fields][4]\" value=\"Je veux faire un don \u00e0 la campagne (d\u00e9ductible imp\u00f4ts \u00e0 66%)\" aria-errormessage=\"wpforms-203-field_4_3-error\"  ><label class=\"wpforms-field-label-inline\" for=\"wpforms-203-field_4_3\">Je veux faire un don \u00e0 la campagne (d\u00e9ductible imp\u00f4ts \u00e0 66%)<\/label><\/li><li class=\"choice-5 depth-1\"><input type=\"radio\" id=\"wpforms-203-field_4_5\" name=\"wpforms[fields][4]\" value=\"Je signe le comit\u00e9 de soutien (seul mon nom sera public)\" aria-errormessage=\"wpforms-203-field_4_5-error\"  ><label class=\"wpforms-field-label-inline\" for=\"wpforms-203-field_4_5\">Je signe le comit\u00e9 de soutien (seul mon nom sera public)<\/label><\/li><\/ul><\/fieldset><\/div><script>\n\t\t\t\t( function() {\n\t\t\t\t\tconst style = document.createElement( 'style' );\n\t\t\t\t\tstyle.appendChild( document.createTextNode( '#wpforms-203-field_2-container { position: absolute !important; overflow: hidden !important; display: inline !important; height: 1px !important; width: 1px !important; z-index: -1000 !important; padding: 0 !important; } #wpforms-203-field_2-container input { visibility: hidden; } #wpforms-conversational-form-page #wpforms-203-field_2-container label { counter-increment: none; }' ) );\n\t\t\t\t\tdocument.head.appendChild( style );\n\t\t\t\t\tdocument.currentScript?.remove();\n\t\t\t\t} )();\n\t\t\t<\/script><\/div><!-- .wpforms-field-container --><div class=\"wpforms-submit-container\" ><input type=\"hidden\" name=\"wpforms[id]\" value=\"203\"><input type=\"hidden\" name=\"page_title\" value=\"\"><input type=\"hidden\" name=\"page_url\" value=\"https:\/\/ensemble-pour-thorigny.ovh\/index.php\/wp-json\/wp\/v2\/pages\/127\"><input type=\"hidden\" name=\"url_referer\" value=\"\"><button type=\"submit\" name=\"wpforms[submit]\" id=\"wpforms-submit-203\" class=\"wpforms-submit\" data-alt-text=\"Sending...\" data-submit-text=\"Envoyer\" aria-live=\"assertive\" value=\"wpforms-submit\">Envoyer<\/button><img loading=\"lazy\" decoding=\"async\" src=\"https:\/\/ensemble-pour-thorigny.ovh\/wp-content\/plugins\/wpforms-lite\/assets\/images\/submit-spin.svg\" class=\"wpforms-submit-spinner\" style=\"display: none;\" width=\"26\" height=\"26\" alt=\"Chargement en cours\"><\/div><\/form><\/div>  <!-- .wpforms-container -->\n\n\n<p>En signant notre comit\u00e9 de soutien, vous renforcez la dynamique d&rsquo;Ensemble pour Thorigny pour les prochaines \u00e9lections municipales des 15 et 22 mars 2026.<\/p>\n\n\n\n<p>Les informations recueillies via ce formulaire sont collect\u00e9es par l&rsquo;\u00e9quipe de campagne de Manuel Da Silva dans le cadre des \u00e9lections municipales.\u00a0<\/p>\n\n\n\n<p>Conform\u00e9ment \u00e0 la r\u00e9glementation en&nbsp;vigueur, vous disposez d&rsquo;un droit de rectification et de suppression de vos donn\u00e9es en le formulant \u00e0 l&rsquo;adresse mail suivante:&nbsp; ensemble.pour.thorigny@gmail.com<\/p>\n\n\n\n<p><\/p>\n","protected":false},"excerpt":{"rendered":"<p>SOUTENIR ET PARTICIPER Vous voulez \u00eatre inform\u00e9, soutenir, participer\u00a0? En signant notre comit\u00e9 de soutien, vous renforcez la dynamique d&rsquo;Ensemble pour Thorigny pour les prochaines \u00e9lections municipales des 15 et 22 mars 2026. Les informations recueillies via ce formulaire sont collect\u00e9es par l&rsquo;\u00e9quipe de campagne de Manuel Da Silva dans le cadre des \u00e9lections municipales.\u00a0 [&hellip;]<\/p>\n","protected":false},"author":1,"featured_media":0,"parent":0,"menu_order":0,"comment_status":"closed","ping_status":"closed","template":"","meta":{"footnotes":""},"class_list":["post-127","page","type-page","status-publish","hentry"],"_links":{"self":[{"href":"https:\/\/ensemble-pour-thorigny.ovh\/index.php\/wp-json\/wp\/v2\/pages\/127","targetHints":{"allow":["GET"]}}],"collection":[{"href":"https:\/\/ensemble-pour-thorigny.ovh\/index.php\/wp-json\/wp\/v2\/pages"}],"about":[{"href":"https:\/\/ensemble-pour-thorigny.ovh\/index.php\/wp-json\/wp\/v2\/types\/page"}],"author":[{"embeddable":true,"href":"https:\/\/ensemble-pour-thorigny.ovh\/index.php\/wp-json\/wp\/v2\/users\/1"}],"replies":[{"embeddable":true,"href":"https:\/\/ensemble-pour-thorigny.ovh\/index.php\/wp-json\/wp\/v2\/comments?post=127"}],"version-history":[{"count":5,"href":"https:\/\/ensemble-pour-thorigny.ovh\/index.php\/wp-json\/wp\/v2\/pages\/127\/revisions"}],"predecessor-version":[{"id":220,"href":"https:\/\/ensemble-pour-thorigny.ovh\/index.php\/wp-json\/wp\/v2\/pages\/127\/revisions\/220"}],"wp:attachment":[{"href":"https:\/\/ensemble-pour-thorigny.ovh\/index.php\/wp-json\/wp\/v2\/media?parent=127"}],"curies":[{"name":"wp","href":"https:\/\/api.w.org\/{rel}","templated":true}]}}