{"id":136,"date":"2026-01-07T08:38:14","date_gmt":"2026-01-07T08:38:14","guid":{"rendered":"https:\/\/ensemble-pour-thorigny.ovh\/?page_id=136"},"modified":"2026-01-27T12:07:57","modified_gmt":"2026-01-27T12:07:57","slug":"mentions-legales","status":"publish","type":"page","link":"https:\/\/ensemble-pour-thorigny.ovh\/index.php\/mentions-legales\/","title":{"rendered":"Mentions l\u00e9gales"},"content":{"rendered":"\n<p data-wp-context---core-fit-text=\"core\/fit-text::{&quot;fontSize&quot;:&quot;&quot;}\" data-wp-init---core-fit-text=\"core\/fit-text::callbacks.init\" data-wp-interactive data-wp-style--font-size=\"core\/fit-text::context.fontSize\" class=\"has-text-align-center has-fit-text\">MENTIONS LEGALES<\/p>\n\n\n\n<p>Ensemble pour Thorigny est la liste de la majorit\u00e9 municipale pour les \u00e9lections municipales des 15 et 22 mars 2026 \u00e0 Thorigny-sur-Marne.<\/p>\n\n\n\n<p>Directeur de publication&nbsp;: Manuel Da Silva<\/p>\n\n\n\n<p>Site internet h\u00e9berg\u00e9 par&nbsp;:<\/p>\n\n\n\n<p>OVH<\/p>\n\n\n\n<p>SAS au capital de 50 000 000 \u20ac<\/p>\n\n\n\n<p>RCS Lille M\u00e9tropole 424 761 419 00045<br>Code APE 2620Z<br>N\u00b0 TVA : FR 22 424 761 419<br>Si\u00e8ge social : 2 rue Kellermann &#8211; 59100 Roubaix &#8211; France<\/p>\n\n\n\n<p>OVH SAS est une filiale de la soci\u00e9t\u00e9 OVH Groupe SA, soci\u00e9t\u00e9 immatricul\u00e9e au RCS de Lille sous le num\u00e9ro 537 407 926 sise 2, rue Kellermann, 59100 Roubaix.<\/p>\n\n\n\n<p><\/p>\n","protected":false},"excerpt":{"rendered":"<p>MENTIONS LEGALES Ensemble pour Thorigny est la liste de la majorit\u00e9 municipale pour les \u00e9lections municipales des 15 et 22 mars 2026 \u00e0 Thorigny-sur-Marne. Directeur de publication&nbsp;: Manuel Da Silva Site internet h\u00e9berg\u00e9 par&nbsp;: OVH SAS au capital de 50 000 000 \u20ac RCS Lille M\u00e9tropole 424 761 419 00045Code APE 2620ZN\u00b0 TVA : FR [&hellip;]<\/p>\n","protected":false},"author":1,"featured_media":0,"parent":0,"menu_order":0,"comment_status":"closed","ping_status":"closed","template":"","meta":{"footnotes":""},"class_list":["post-136","page","type-page","status-publish","hentry"],"_links":{"self":[{"href":"https:\/\/ensemble-pour-thorigny.ovh\/index.php\/wp-json\/wp\/v2\/pages\/136","targetHints":{"allow":["GET"]}}],"collection":[{"href":"https:\/\/ensemble-pour-thorigny.ovh\/index.php\/wp-json\/wp\/v2\/pages"}],"about":[{"href":"https:\/\/ensemble-pour-thorigny.ovh\/index.php\/wp-json\/wp\/v2\/types\/page"}],"author":[{"embeddable":true,"href":"https:\/\/ensemble-pour-thorigny.ovh\/index.php\/wp-json\/wp\/v2\/users\/1"}],"replies":[{"embeddable":true,"href":"https:\/\/ensemble-pour-thorigny.ovh\/index.php\/wp-json\/wp\/v2\/comments?post=136"}],"version-history":[{"count":2,"href":"https:\/\/ensemble-pour-thorigny.ovh\/index.php\/wp-json\/wp\/v2\/pages\/136\/revisions"}],"predecessor-version":[{"id":181,"href":"https:\/\/ensemble-pour-thorigny.ovh\/index.php\/wp-json\/wp\/v2\/pages\/136\/revisions\/181"}],"wp:attachment":[{"href":"https:\/\/ensemble-pour-thorigny.ovh\/index.php\/wp-json\/wp\/v2\/media?parent=136"}],"curies":[{"name":"wp","href":"https:\/\/api.w.org\/{rel}","templated":true}]}}