{"id":305,"date":"2026-02-03T07:54:03","date_gmt":"2026-02-03T07:54:03","guid":{"rendered":"https:\/\/ensemble-pour-thorigny.ovh\/?page_id=305"},"modified":"2026-02-03T07:54:03","modified_gmt":"2026-02-03T07:54:03","slug":"chantal-gounord","status":"publish","type":"page","link":"https:\/\/ensemble-pour-thorigny.ovh\/index.php\/chantal-gounord\/","title":{"rendered":"Chantal Gounord"},"content":{"rendered":"\n<p data-wp-context---core-fit-text=\"core\/fit-text::{&quot;fontSize&quot;:&quot;&quot;}\" data-wp-init---core-fit-text=\"core\/fit-text::callbacks.init\" data-wp-interactive data-wp-style--font-size=\"core\/fit-text::context.fontSize\" class=\"has-fit-text\">Chantal Gounord<\/p>\n\n\n\n<p>Je m appelle Chantal Gounord, je suis retrait\u00e9e depuis 4 ans ,et j habite Thorigny depuis 20ans.Arrivee en 2005,j ai trouv\u00e9 une commune o\u00f9 il faisait bon vivre, tranquille, et bien desservie pour le travail et la scolarit\u00e9 de mon fils. Apr\u00e8s ma retraite, j ai d\u00e9cid\u00e9 de m investir dans la vie associative. J ai donc adh\u00e9r\u00e9 a L APA. Amiti\u00e9 aux personnes seules et \u00e2g\u00e9es. Apporter aide, soutien et peut \u00eatre de la joie aux personnes qui en ont besoin, me semble indispensable dans une soci\u00e9t\u00e9 qui se d\u00e9shumanise. Et J ai envie de participer au tissu associatif et au d\u00e9veloppement de Thorigny ,ma Ville. Je soutiens Manuel Da Silva ,parce qu&rsquo;il est tr\u00e8s abordable, tr\u00e8s humain, accessible, toujours a l \u00e9coute .Autour de lui, une \u00e9quipe efficace avec diff\u00e9rentes sensibilit\u00e9s, et qui n&rsquo;ont qu&rsquo;un but s investir pour Thorigny et son avenir.<\/p>\n","protected":false},"excerpt":{"rendered":"<p>Chantal Gounord Je m appelle Chantal Gounord, je suis retrait\u00e9e depuis 4 ans ,et j habite Thorigny depuis 20ans.Arrivee en 2005,j ai trouv\u00e9 une commune o\u00f9 il faisait bon vivre, tranquille, et bien desservie pour le travail et la scolarit\u00e9 de mon fils. Apr\u00e8s ma retraite, j ai d\u00e9cid\u00e9 de m investir dans la vie [&hellip;]<\/p>\n","protected":false},"author":1,"featured_media":0,"parent":0,"menu_order":0,"comment_status":"closed","ping_status":"closed","template":"","meta":{"footnotes":""},"class_list":["post-305","page","type-page","status-publish","hentry"],"_links":{"self":[{"href":"https:\/\/ensemble-pour-thorigny.ovh\/index.php\/wp-json\/wp\/v2\/pages\/305","targetHints":{"allow":["GET"]}}],"collection":[{"href":"https:\/\/ensemble-pour-thorigny.ovh\/index.php\/wp-json\/wp\/v2\/pages"}],"about":[{"href":"https:\/\/ensemble-pour-thorigny.ovh\/index.php\/wp-json\/wp\/v2\/types\/page"}],"author":[{"embeddable":true,"href":"https:\/\/ensemble-pour-thorigny.ovh\/index.php\/wp-json\/wp\/v2\/users\/1"}],"replies":[{"embeddable":true,"href":"https:\/\/ensemble-pour-thorigny.ovh\/index.php\/wp-json\/wp\/v2\/comments?post=305"}],"version-history":[{"count":1,"href":"https:\/\/ensemble-pour-thorigny.ovh\/index.php\/wp-json\/wp\/v2\/pages\/305\/revisions"}],"predecessor-version":[{"id":306,"href":"https:\/\/ensemble-pour-thorigny.ovh\/index.php\/wp-json\/wp\/v2\/pages\/305\/revisions\/306"}],"wp:attachment":[{"href":"https:\/\/ensemble-pour-thorigny.ovh\/index.php\/wp-json\/wp\/v2\/media?parent=305"}],"curies":[{"name":"wp","href":"https:\/\/api.w.org\/{rel}","templated":true}]}}